{"id":133,"date":"2023-04-14T15:26:15","date_gmt":"2023-04-14T21:26:15","guid":{"rendered":"https:\/\/fraternidaddemotociclistas.com\/?page_id=133"},"modified":"2023-04-14T15:26:15","modified_gmt":"2023-04-14T21:26:15","slug":"contactanos","status":"publish","type":"page","link":"https:\/\/fraternidaddemotociclistas.com\/index.php\/contactanos\/","title":{"rendered":"Contactanos"},"content":{"rendered":"\n<p><strong>Para saber m\u00e1s de la Fraternidad de Motociclistas, solicitar ser miembro, chapter o pa\u00eds, Contactanos escaneando cualquiera de estos c\u00f3digos QR<\/strong> o env\u00eda un email a <a href=\"mailto:ragegaul@gmail.com\">CONTACTO<\/a><\/p>\n\n\n<div class=\"wp-block-image\">\n<figure class=\"aligncenter size-large is-resized\"><img decoding=\"async\" src=\"https:\/\/fraternidaddemotociclistas.com\/wp-content\/uploads\/2023\/04\/rockyruedas_qr1-891x1024.png\" alt=\"\" class=\"wp-image-138\" style=\"width:442px;height:508px\"\/><\/figure>\n<\/div>\n\n<div class=\"wp-block-image\">\n<figure class=\"aligncenter size-full\"><img decoding=\"async\" src=\"https:\/\/fraternidaddemotociclistas.com\/wp-content\/uploads\/2023\/04\/QR-RR.jpg\" alt=\"\" class=\"wp-image-134\"\/><\/figure>\n<\/div>","protected":false},"excerpt":{"rendered":"<p>Para saber m\u00e1s de la Fraternidad de Motociclistas, solicitar ser miembro, chapter o pa\u00eds, Contactanos escaneando cualquiera de estos c\u00f3digos QR o env\u00eda un email a CONTACTO<\/p>\n","protected":false},"author":1,"featured_media":0,"parent":0,"menu_order":0,"comment_status":"closed","ping_status":"closed","template":"","meta":{"footnotes":""},"class_list":["post-133","page","type-page","status-publish","hentry"],"_links":{"self":[{"href":"https:\/\/fraternidaddemotociclistas.com\/index.php\/wp-json\/wp\/v2\/pages\/133","targetHints":{"allow":["GET"]}}],"collection":[{"href":"https:\/\/fraternidaddemotociclistas.com\/index.php\/wp-json\/wp\/v2\/pages"}],"about":[{"href":"https:\/\/fraternidaddemotociclistas.com\/index.php\/wp-json\/wp\/v2\/types\/page"}],"author":[{"embeddable":true,"href":"https:\/\/fraternidaddemotociclistas.com\/index.php\/wp-json\/wp\/v2\/users\/1"}],"replies":[{"embeddable":true,"href":"https:\/\/fraternidaddemotociclistas.com\/index.php\/wp-json\/wp\/v2\/comments?post=133"}],"version-history":[{"count":0,"href":"https:\/\/fraternidaddemotociclistas.com\/index.php\/wp-json\/wp\/v2\/pages\/133\/revisions"}],"wp:attachment":[{"href":"https:\/\/fraternidaddemotociclistas.com\/index.php\/wp-json\/wp\/v2\/media?parent=133"}],"curies":[{"name":"wp","href":"https:\/\/api.w.org\/{rel}","templated":true}]}}