{"id":33,"date":"2021-04-06T22:14:55","date_gmt":"2021-04-06T22:14:55","guid":{"rendered":"https:\/\/fraternidaddemotociclistas.com\/?page_id=33"},"modified":"2026-03-31T20:29:28","modified_gmt":"2026-03-31T20:29:28","slug":"manifiesto","status":"publish","type":"page","link":"https:\/\/fraternidaddemotociclistas.com\/index.php\/manifiesto\/","title":{"rendered":"Manifiesto"},"content":{"rendered":"\n<h2 class=\"wp-block-heading\">Manifiesto de la Fraternidad de Motociclistas<\/h2>\n\n\n\n<p><br>\u00bfQu\u00e9 es la Fraternidad de Motociclistas?<br>Somos una uni\u00f3n de Motoclubes y de Motociclistas Independientes, unidos por la amistad, la pasi\u00f3n y la carretera. En la Fraternidad somos individuos libres e independientes, con el derecho de agrupaci\u00f3n que nos dan nuestros derechos humanos, la ley y la vida, dentro de nuestras filas existen MC&#8217;s nacionales e internacionales, as\u00ed como Independientes que comulgan con nuestra filosof\u00eda del motociclismo, cada uno de ellos se rige por su propio c\u00f3digo y s\u00f3lo muestran su afiliaci\u00f3n y apoyo a nuestros colores portandolos en sus chalecos, esto significa que son parte de la Fraternidad de Motociclistas, sin embargo cada una de las personas que portan nuestros colores, son individuos responsables de sus actos, acciones, elecciones y decisiones, y s\u00f3lo ellos son quienes se representan a si mismos, dejando claro que cada ser humano es \u00fanico e irrepetible y responsable de sus actos.<\/p>\n\n\n\n<figure class=\"wp-block-gallery has-nested-images columns-default is-cropped wp-block-gallery-1 is-layout-flex wp-block-gallery-is-layout-flex\">\n<figure class=\"wp-block-image size-large\"><img loading=\"lazy\" decoding=\"async\" width=\"885\" height=\"1024\" data-id=\"160\" src=\"https:\/\/fraternidaddemotociclistas.com\/wp-content\/uploads\/2025\/03\/Colores-Oficiales-2025-885x1024.png\" alt=\"\" class=\"wp-image-160\" srcset=\"https:\/\/fraternidaddemotociclistas.com\/wp-content\/uploads\/2025\/03\/Colores-Oficiales-2025-885x1024.png 885w, https:\/\/fraternidaddemotociclistas.com\/wp-content\/uploads\/2025\/03\/Colores-Oficiales-2025-259x300.png 259w, https:\/\/fraternidaddemotociclistas.com\/wp-content\/uploads\/2025\/03\/Colores-Oficiales-2025-768x888.png 768w, https:\/\/fraternidaddemotociclistas.com\/wp-content\/uploads\/2025\/03\/Colores-Oficiales-2025.png 1078w\" sizes=\"auto, (max-width: 885px) 100vw, 885px\" \/><\/figure>\n\n\n\n<figure class=\"wp-block-image size-large\"><img loading=\"lazy\" decoding=\"async\" width=\"885\" height=\"1024\" data-id=\"161\" src=\"https:\/\/fraternidaddemotociclistas.com\/wp-content\/uploads\/2025\/03\/Colores-Oficiales-2025-ellas-885x1024.png\" alt=\"\" class=\"wp-image-161\" srcset=\"https:\/\/fraternidaddemotociclistas.com\/wp-content\/uploads\/2025\/03\/Colores-Oficiales-2025-ellas-885x1024.png 885w, https:\/\/fraternidaddemotociclistas.com\/wp-content\/uploads\/2025\/03\/Colores-Oficiales-2025-ellas-259x300.png 259w, https:\/\/fraternidaddemotociclistas.com\/wp-content\/uploads\/2025\/03\/Colores-Oficiales-2025-ellas-768x888.png 768w, https:\/\/fraternidaddemotociclistas.com\/wp-content\/uploads\/2025\/03\/Colores-Oficiales-2025-ellas.png 1078w\" sizes=\"auto, (max-width: 885px) 100vw, 885px\" \/><\/figure>\n<\/figure>\n\n\n\n<p><strong>Nuestros Colores<\/strong><\/p>\n\n\n\n<p>Fraternidades Agrupadas a manera de MC<br>Quienes portan los colores completos lo hacen por voluntad propia y sin reglamentaci\u00f3n alguna, salvo las acordadas por el propio cap\u00edtulo y las mencionadas en este Manifiesto y C\u00f3digo de Conducta, cada uno de los portadores es autorizado por los representantes de la Fraternidad en cada ciudad y sus respectivos \u201cHerman@s\u201d, adem\u00e1s de tener que presentarse en cada concentraci\u00f3n con todos l@s \u201cherman@s\u201d y representantes de diversas ciudades para poder ser aceptado con el concepto de \u201cHerman@\u201d siendo requisito ineludible el ser considerado amig@ y haber rodado con los \u201cherman@s\u201d por un periodo no m\u00ednimo a 6 meses (en caso de ser novato).<\/p>\n\n\n<div class=\"wp-block-image\">\n<figure class=\"aligncenter size-large\"><img loading=\"lazy\" decoding=\"async\" width=\"1024\" height=\"569\" src=\"https:\/\/fraternidaddemotociclistas.com\/wp-content\/uploads\/2025\/04\/nomadas-e1744155560885-1024x569.jpg\" alt=\"\" class=\"wp-image-189\" srcset=\"https:\/\/fraternidaddemotociclistas.com\/wp-content\/uploads\/2025\/04\/nomadas-e1744155560885-1024x569.jpg 1024w, https:\/\/fraternidaddemotociclistas.com\/wp-content\/uploads\/2025\/04\/nomadas-e1744155560885-300x167.jpg 300w, https:\/\/fraternidaddemotociclistas.com\/wp-content\/uploads\/2025\/04\/nomadas-e1744155560885-768x427.jpg 768w, https:\/\/fraternidaddemotociclistas.com\/wp-content\/uploads\/2025\/04\/nomadas-e1744155560885.jpg 1080w\" sizes=\"auto, (max-width: 1024px) 100vw, 1024px\" \/><\/figure>\n<\/div>\n\n\n<p><strong>N\u00d3MADAS<\/strong><br>Quienes portan los colores completos lo hacen por voluntad propia y sin reglamentaci\u00f3n alguna. La modalidad de \u201cN\u00f3mada\u201d, determina que el motociclista que porta los colores es expresamente af\u00edn a la filosof\u00eda de la Fraternidad y le debe respeto a lo expuesto en este Manifiesto, y a las reglas de carretera y de apoyo a cualquier hermano motociclista, as\u00ed como apoyo a cualquiera de las Fraternidades que convoque a los N\u00f3madas. La calidad de \u201cN\u00f3mada\u201d no es la alternativa de mantenerse independiente de las Agrupaciones de ciudad sin interferir en sus asuntos y decisiones por el contrario debe respetar \u00edntegramente a estas y a sus miembros, sin embargo s\u00ed tiene autoridad y derecho de hacer respetar los lineamientos de la Fraternidad cuando alg\u00fan grupo presente problemas y podr\u00e1n actuar asesorando o siendo asesorados por otros N\u00f3madas. Esto no lo limita en la convivencia y participaci\u00f3n voluntaria en eventos de la la fraternidad Agrupada. Sin embargo la lealtad a los colores y el Manifiesto le hace participe de apoyar cuando sea convocado en situaciones extraordinarias y especiales.<\/p>\n\n\n\n<p>Los colores de \u201cN\u00f3mada\u201d es privilegio \u00fanico de quienes con sus acciones y palabras demuestren respeto por los preceptos del Manifiesto de nuestra fraternidad y por los que la integramos y es adquirido solamente por invitaci\u00f3n\/recomendaci\u00f3n.<br>Es privilegio \u00fanico de los N\u00f3madas ya asignados el otorgar colores N\u00d3MADA o retirarlos, debido a que son independientes de las fraternidades agrupadas. No es de ninguna manera una alternativa para crear otra Fraternidad agrupada y deber\u00e1 mantener su car\u00e1cter independiente a menos que sea de su inter\u00e9s el pertenecer a alguna Fraternidad agrupada, debiendo expresarlo al representante de su ciudad.<\/p>\n\n\n\n<p>Un N\u00f3mada tiene la autoridad delegada por el Manifiesto para hacer cumplir las normas del grupo y el comportamiento.<\/p>\n\n\n\n<p>Un n\u00f3mada, lleva en sus colores un rocker inferior con la palabra \u201cN\u00f3mada\u201d. Esto significa que no pertenecen a una agrupaci\u00f3n de ciudad, pero que debe ser respetado y aceptado por toda la Fraternidad como miembro. Si la Fraternidad tiene un problema con un cap\u00edtulo espec\u00edfico, el fundador puede enviar una expedici\u00f3n de un grupo de n\u00f3madas a visitar el cap\u00edtulo. Los n\u00f3madas observan el cap\u00edtulo y asesoran a los miembros de cualquier problema que su grupo pueda tener. Si las infracciones no se corrigieron, los n\u00f3madas tienen entonces tener la autoridad para corregir el problema.<\/p>\n\n\n\n<p>Un n\u00f3mada tiene el derecho a ser acogido por cualquier otro cap\u00edtulo donde aparece, no puede dirigir un cap\u00edtulo.<br>Es derecho del cap\u00edtulo a actuar como una unidad aut\u00f3noma, dentro de las reglas de la Fraternidad, esta es totalmente resguardada por los N\u00f3madas.<\/p>\n\n\n\n<p>Dado que los n\u00f3madas no son miembros oficiales del club un cap\u00edtulo espec\u00edfico, deben ser recibidos, alojados y alimentados por cap\u00edtulos, que actualmente se encuentren.<\/p>\n\n\n\n<p>Son esencialmente los miembros de todos los cap\u00edtulos.<\/p>\n\n\n\n<p><\/p>\n\n\n\n<p><strong>Significado de los Colores<\/strong><br>Visita la p\u00e1gina de <a href=\"https:\/\/fraternidaddemotociclistas.com\/index.php\/nuestros-colores\/\" data-type=\"page\" data-id=\"52\">Colores<\/a><\/p>\n\n\n\n<figure class=\"wp-block-gallery has-nested-images columns-default is-cropped wp-block-gallery-2 is-layout-flex wp-block-gallery-is-layout-flex\">\n<figure class=\"wp-block-image size-large\"><img loading=\"lazy\" decoding=\"async\" width=\"885\" height=\"1024\" data-id=\"160\" src=\"https:\/\/fraternidaddemotociclistas.com\/wp-content\/uploads\/2025\/03\/Colores-Oficiales-2025-885x1024.png\" alt=\"\" class=\"wp-image-160\" srcset=\"https:\/\/fraternidaddemotociclistas.com\/wp-content\/uploads\/2025\/03\/Colores-Oficiales-2025-885x1024.png 885w, https:\/\/fraternidaddemotociclistas.com\/wp-content\/uploads\/2025\/03\/Colores-Oficiales-2025-259x300.png 259w, https:\/\/fraternidaddemotociclistas.com\/wp-content\/uploads\/2025\/03\/Colores-Oficiales-2025-768x888.png 768w, https:\/\/fraternidaddemotociclistas.com\/wp-content\/uploads\/2025\/03\/Colores-Oficiales-2025.png 1078w\" sizes=\"auto, (max-width: 885px) 100vw, 885px\" \/><\/figure>\n\n\n\n<figure class=\"wp-block-image size-large\"><img loading=\"lazy\" decoding=\"async\" width=\"885\" height=\"1024\" data-id=\"161\" src=\"https:\/\/fraternidaddemotociclistas.com\/wp-content\/uploads\/2025\/03\/Colores-Oficiales-2025-ellas-885x1024.png\" alt=\"\" class=\"wp-image-161\" srcset=\"https:\/\/fraternidaddemotociclistas.com\/wp-content\/uploads\/2025\/03\/Colores-Oficiales-2025-ellas-885x1024.png 885w, https:\/\/fraternidaddemotociclistas.com\/wp-content\/uploads\/2025\/03\/Colores-Oficiales-2025-ellas-259x300.png 259w, https:\/\/fraternidaddemotociclistas.com\/wp-content\/uploads\/2025\/03\/Colores-Oficiales-2025-ellas-768x888.png 768w, https:\/\/fraternidaddemotociclistas.com\/wp-content\/uploads\/2025\/03\/Colores-Oficiales-2025-ellas.png 1078w\" sizes=\"auto, (max-width: 885px) 100vw, 885px\" \/><\/figure>\n\n\n\n<figure class=\"wp-block-image size-large\"><img loading=\"lazy\" decoding=\"async\" width=\"200\" height=\"221\" data-id=\"176\" src=\"https:\/\/fraternidaddemotociclistas.com\/wp-content\/uploads\/2025\/04\/Alas-Rotas.png\" alt=\"\" class=\"wp-image-176\"\/><\/figure>\n\n\n\n<figure class=\"wp-block-image size-large\"><img loading=\"lazy\" decoding=\"async\" width=\"369\" height=\"159\" data-id=\"174\" src=\"https:\/\/fraternidaddemotociclistas.com\/wp-content\/uploads\/2025\/04\/Craneos.png\" alt=\"\" class=\"wp-image-174\" srcset=\"https:\/\/fraternidaddemotociclistas.com\/wp-content\/uploads\/2025\/04\/Craneos.png 369w, https:\/\/fraternidaddemotociclistas.com\/wp-content\/uploads\/2025\/04\/Craneos-300x129.png 300w\" sizes=\"auto, (max-width: 369px) 100vw, 369px\" \/><\/figure>\n\n\n\n<figure class=\"wp-block-image size-large\"><img loading=\"lazy\" decoding=\"async\" width=\"345\" height=\"104\" data-id=\"175\" src=\"https:\/\/fraternidaddemotociclistas.com\/wp-content\/uploads\/2025\/04\/Amigo-Fraterno.png\" alt=\"\" class=\"wp-image-175\" srcset=\"https:\/\/fraternidaddemotociclistas.com\/wp-content\/uploads\/2025\/04\/Amigo-Fraterno.png 345w, https:\/\/fraternidaddemotociclistas.com\/wp-content\/uploads\/2025\/04\/Amigo-Fraterno-300x90.png 300w\" sizes=\"auto, (max-width: 345px) 100vw, 345px\" \/><\/figure>\n<\/figure>\n\n\n\n<p><strong>Nuestra Estructura<\/strong><br>Cada Ciudad afiliada tiene a un representante oficial de la Fraternidad, no existen l\u00edderes, jefes, presidentes u otra figura que tenga m\u00e1s peso sobre los dem\u00e1s, sin embargo es necesario tener un representante o portavoz de la Fraternidad para poder mantener la organizaci\u00f3n de rodadas, eventos, colectas, apoyo entre Mc\u2019s, e infinidad de responsabilidades.<br>Cada Fraternidad es libre de organizarse de la manera que crean m\u00e1s conveniente para el inter\u00e9s com\u00fan del grupo y deber\u00e1 ser SIEMPRE por mayor\u00eda de votos de los \u201cherman@s\u201d involucrados.<br>Sin distinci\u00f3n de edades, razas, credos, antig\u00fcedad o posici\u00f3n social, TODOS los \u201chermanos\u201d tienen voz y voto para las decisiones y tienen derecho de participar en las reuniones o \u201cjuntas\u201d de cualquier tipo.<br>El uso de colores oficiales esta sujeto a la aprobaci\u00f3n UNANIME de los \u201chermanos\u201d (S\u00f3lo en el caso de Fraternos Agrupados), en caso de renuncia o expulsi\u00f3n los colores NO son propiedad del portador ya que \u00e9l los gan\u00f3 y port\u00f3 por decisi\u00f3n de los dem\u00e1s, pero se debe dejar de portarlos y devolverlos, lo mismo los N\u00f3madas.<br>Es motivo de expulsi\u00f3n cualquier forma de agresi\u00f3n racial, social, sexista, y actos que denigren a otro ser humano, agrupaci\u00f3n o ser vivo de otra especie, as\u00ed como los actos en contra de la ley sea cual sea su naturaleza, siendo \u00e9l autor de dichos actos el \u00fanico responsable ante la ley y el o los ofendidos.<br>A diferencia de la aprobaci\u00f3n inicial, se requiere de la mayor\u00eda de los votos de todos los hermanos con Colores de esa ciudad para poder realizar una EXPULSI\u00d3N, realizando una reuni\u00f3n oficial, estando presente el involucrado para escuchar su opini\u00f3n, el total hermanos con colores y\/o en caso necesario hacer llegar su voto v\u00eda telef\u00f3nica a trav\u00e9s del altavoz ante todos los presentes, en el caso de que el involucrado no quiera presentarse, se llevar\u00e1 a cabo en su ausencia siempre y cuanto este el total de hermanos antes mencionados.<br>Cualquier miembro con COLORES que se sienta con la necesidad de definir alguna situaci\u00f3n puede solicitar y convocar a la reuni\u00f3n para decidir sobre la expulsi\u00f3n o no del hermano se\u00f1alado.<br>Si la decisi\u00f3n no es por mayor\u00eda no se aprueba la expulsi\u00f3n, y para fines pr\u00e1cticos no se requieren explicaciones de ning\u00fan hermano sobre su forma de votar, solamente se expone el problema, ser escucha la contraparte y se toma la decisi\u00f3n.<br>Unicamente se puede ser considerado sujeto de una posible EXPULSI\u00d3N cualquier falta de las ya mencionadas que son:<br><em><strong>\u201cEs motivo de expulsi\u00f3n cualquier forma de agresi\u00f3n racial, social, sexista, y actos que denigren a otro ser humano, agrupaci\u00f3n o ser vivo de otra especie, as\u00ed como los actos en contra de la ley sea cual sea su naturaleza, siendo \u00e9l autor de dichos actos el \u00fanico responsable ante la ley y el o los ofendidos.\u201d<\/strong><\/em> agregando a estas la agresi\u00f3n f\u00edsica, verbal o da\u00f1os a otro Hermano Fraterno con Colores de cualquier ciudad siempre que no haya motivo justificable para esta acci\u00f3n.<\/p>\n\n\n\n<p>Cualquier otra conducta que no afecte a los principios de este MANIFIESTO queda fuera de lugar y no nos compete juzgar, ya que se apega al motivo primario de esta Fraternidad:<br><em><strong>\u201ccada una de las personas que portan nuestros colores, son individuos responsables de sus actos, acciones, elecciones y decisiones, y s\u00f3lo ellos son quienes se representan a si mismos, dejando claro que cada ser humano es \u00fanico e irrepetible y responsable de sus actos.\u201d<\/strong><\/em><\/p>\n\n\n\n<p>Cualquier otro asunto no mencionado en este Manifiesto puede ser resuelto por los N\u00f3madas como ya se menciono anteriormente ya que ellos tiene las facultades para tomar las decisiones heredadas del propio fundador, incluyendo asignar o retirar colores oficiales.<\/p>\n\n\n\n<p><strong>La Fraternidad de Motociclistas NO RECLUTA<\/strong><br><br><strong>SI ALGUIEN EST\u00c1 INTERESADO EN INTEGRARSE DEBE SOLICITARLO POR VIVA VOZ , SIN EMBARGO EXCEPCIONALMENTE SE PUEDE EXTENDER LA INVITACI\u00d3N A PARTICIPAR A PERSONAS QUE HAYAN DEMOSTRADO SU VAL\u00cdA, LEALTAD Y APOYO INCONDICIONAL A UNO O MAS HERMANOS CON NUESTROS COLORES, DEMOSTRANDO LA COMPATIBILIDAD DE NUESTRA FILOSOF\u00cdA EN SU ACTUAR.<\/strong><br><br><strong>Nuestra fortaleza radica en la CALIDAD no en la CANTIDAD; preferimos 10 hermanos de acero que 100 de papel.<\/strong><\/p>\n\n\n\n<p><strong>Honorario<\/strong><br>Se entregan como reconocimiento a la participaci\u00f3n dentro de la Fraternidad o por m\u00e9ritos especiales a la misma, sin embargo quien los porta no tiene Voz ni Voto, son una forma de agradecer, honrar y reconocer a exmiembros, independientes o miembros de otro MC a manera de tributo.<\/p>\n\n\n\n<p>Se bienvenido!<\/p>\n\n\n\n<p>Atte:<\/p>\n\n\n\n<p class=\"has-text-align-center\"><strong>FRATERNIDAD DE MOTOCICLISTAS<\/strong><\/p>\n\n\n\n<p class=\"has-text-align-center\"><strong>N\u00d3MADA U.S.A., CENTRO Y SUDAMERICA<\/strong><\/p>\n\n\n\n<p class=\"has-text-align-center\"><strong>Javier<\/strong> &#8211; N\u00f3mada (Oregon)<\/p>\n\n\n\n<p class=\"has-text-align-center\"><strong>N\u00d3MADAS M\u00c9XICO<\/strong>:<\/p>\n\n\n\n<p class=\"has-text-align-center\"><strong>VaneCop<\/strong> &#8211; N\u00f3mada (Qro)<br><strong>Black Charro<\/strong> &#8211; N\u00f3mada (Coah)<br><strong>Rage<\/strong> &#8211; N\u00f3mada <\/p>\n","protected":false},"excerpt":{"rendered":"<p>Manifiesto de la Fraternidad de Motociclistas \u00bfQu\u00e9 es la Fraternidad de Motociclistas?Somos una uni\u00f3n de Motoclubes y de Motociclistas Independientes, unidos por la amistad, la pasi\u00f3n y la carretera. En la Fraternidad somos individuos libres e independientes, con el derecho de agrupaci\u00f3n que nos dan nuestros derechos humanos, la ley y la vida, dentro de [&hellip;]<\/p>\n","protected":false},"author":1,"featured_media":0,"parent":0,"menu_order":0,"comment_status":"closed","ping_status":"closed","template":"","meta":{"footnotes":""},"class_list":["post-33","page","type-page","status-publish","hentry"],"_links":{"self":[{"href":"https:\/\/fraternidaddemotociclistas.com\/index.php\/wp-json\/wp\/v2\/pages\/33","targetHints":{"allow":["GET"]}}],"collection":[{"href":"https:\/\/fraternidaddemotociclistas.com\/index.php\/wp-json\/wp\/v2\/pages"}],"about":[{"href":"https:\/\/fraternidaddemotociclistas.com\/index.php\/wp-json\/wp\/v2\/types\/page"}],"author":[{"embeddable":true,"href":"https:\/\/fraternidaddemotociclistas.com\/index.php\/wp-json\/wp\/v2\/users\/1"}],"replies":[{"embeddable":true,"href":"https:\/\/fraternidaddemotociclistas.com\/index.php\/wp-json\/wp\/v2\/comments?post=33"}],"version-history":[{"count":6,"href":"https:\/\/fraternidaddemotociclistas.com\/index.php\/wp-json\/wp\/v2\/pages\/33\/revisions"}],"predecessor-version":[{"id":254,"href":"https:\/\/fraternidaddemotociclistas.com\/index.php\/wp-json\/wp\/v2\/pages\/33\/revisions\/254"}],"wp:attachment":[{"href":"https:\/\/fraternidaddemotociclistas.com\/index.php\/wp-json\/wp\/v2\/media?parent=33"}],"curies":[{"name":"wp","href":"https:\/\/api.w.org\/{rel}","templated":true}]}}