{"id":34,"date":"2021-04-06T22:14:55","date_gmt":"2021-04-06T22:14:55","guid":{"rendered":"https:\/\/fraternidaddemotociclistas.com\/?page_id=34"},"modified":"2021-04-06T22:14:55","modified_gmt":"2021-04-06T22:14:55","slug":"codigo-de-conducta","status":"publish","type":"page","link":"https:\/\/fraternidaddemotociclistas.com\/index.php\/codigo-de-conducta\/","title":{"rendered":"C\u00f3digo de Conducta"},"content":{"rendered":"\n<h2 class=\"wp-block-heading\">C\u00d3DIGO DE CONDUCTA<br>(Los mandamientos del motociclista)<\/h2>\n\n\n\n<p>No aceptes ni hagas pendejadas. Se amable con las mujeres, los ni\u00f1os y los animales, pero no aceptes ni hagas pendejadas. Esta es una parte esencial de ser un motociclista. Tiene que ver con el respeto y el honor. Cualquiera puede ser un pat\u00e1n insolente, altanero. Se agradable, mantente erguido y con la cabeza en alto y respalda lo que dices con tus actos.<\/p>\n\n\n\n<p>Nunca mentir, enga\u00f1ar o robar. Otra forma de decir esto es decir siempre la verdad. Los motociclistas son siempre los tipos malos y grasientos en las pel\u00edculas, pero cada biker verdadero sabe que su palabra es su valor. Tu palabra es todo lo que tienes en la vida que es verdaderamente tuyo. Gu\u00e1rdala cuidadosamente y haz de ella algo noble para ti porque t\u00fa eres un verdadero caballero de la carretera.<\/p>\n\n\n\n<p>No seas un sopl\u00f3n. Si ves algo mal, lucha por ti mismo. Si estas cerca de cualquier cosa, toma la responsabilidad de arreglar los problemas tu mismo y no tengas la necesidad de delatar a alguien. Los soplones son las formas m\u00e1s bajas de vida en la tierra, a la altura de los ladrones de motos. Esta regla va de la mano con la siguiente.<\/p>\n\n\n\n<p>No chille!. Absolutamente a nadie le gusta ni respeta a un llor\u00f3n. \u201cNo se preocupe por las cosas peque\u00f1as.\u201d La mayor\u00eda de los peque\u00f1os inconvenientes de la vida funcionan o se arreglan o no por s\u00ed mismos, llores o no. Manten la cabeza en alto, maldita sea! Eres un motociclista no un rat\u00f3n!<\/p>\n\n\n\n<p>Nunca digas morir y nunca te rindas. Ya sea en una pelea, un debate o un negocio, no importa cu\u00e1n dif\u00edcil sea, un motociclista nunca se rinde. Es por eso que ves un mont\u00f3n de motociclistas bien posicionados en estos d\u00edas, porque no saben renunciar en cualquier elemento de su vida. En el mundo biker de individualistas, s\u00f3lo los fuertes sobreviven.<\/p>\n\n\n\n<p>Ayuda a los dem\u00e1s. Cuando un hermano o hermana esta tirado en la carretera, detente y ayuda. Incluso el apoyo moral, si es todo lo que puedes dar, es mejor que estar solo. Recuerda que la vida es sobre el viaje, la traves\u00eda\u2026 no el llegar. Ya est\u00e1s all\u00ed! . Y no s\u00f3lo ayudar a los motociclistas, mostrar al mundo que somos mejores que la imagen que nos retrata. La cortes\u00eda te cuesta nada y lo da todo.<\/p>\n\n\n\n<p>Practica lo que predicas. Haz lo que dices que vas a hacer, llega ah\u00ed cuando dices que lo har\u00e1s. Esto se llama integridad. Esto tambi\u00e9n tiene que ver con levantarse por una causa. \u201cTienes que levantarte por algo algo, o caer\u00e1s por nada.\u201d o como dir\u00eda su servido \u201cLo que sale por la boca, se sostiene con los huevos\u201d.<\/p>\n\n\n\n<p>La vida no es un simulacro. S\u00ed, esto no es un ensayo general. Es vital salir a tomar grandes bocados de la misma. No tienes tiempo que perder y los motociclistas no se quedan esperando que la fiesta llegue a ellos. S\u00f3lo se vive una vez. Ma\u00f1ana podr\u00edas morir en un accidente, gracias a un borracho dormido al volante de su auto. Vive la vida ahora, disfruta al m\u00e1ximo de cada momento. Esto no es un simulacro.<\/p>\n\n\n\n<p>Resumen<\/p>\n\n\n\n<p>Muy bien, ahora hagamos un resumen. Eres un motociclista, un moderno caballero de la carretera. Protege a los d\u00e9biles, mantente erguido y con la cabeza en alto y parate orgulloso. Tu palabra es tu valor. Practica lo que predicas.\u201dLo que sale por la boca, se sostiene con los huevos\u201d. No aceptes ni hagas pendejadas. La vida no es un simulacro. Ahora a salir y viajar.<\/p>\n\n\n\n<p>En caso de que tengas alguna duda, rueda!, Eso es lo que hacemos \u2026 rodar.<br>Si quieres pasear en una camisa hawaiana y sandalias, hazlo si tienes la intenci\u00f3n de parecer un bobo, pero por lo menos no act\u00faes como uno.<\/p>\n\n\n\n<p>Estos mandamientos son s\u00f3lo grandes rasgos, hay mucho m\u00e1s para ser un motociclista que comprar una moto. Si usted acaba de comprar una no significa que lo sea. Ser un motociclista es una forma de vida, una orgullosa forma de vida que tenemos en alta estima y con una pasi\u00f3n ardiente por la carretera y por la vida.<\/p>\n\n\n\n<p>Etiqueten y compartan! pero sobre todo:<\/p>\n\n\n\n<p>A RODAR!!! Compilado, Adaptado y traducido para la Fraternidad de Motociclistas por <a href=\"mailto:rage@rockyruedas.com\">R4G3<\/a><\/p>\n","protected":false},"excerpt":{"rendered":"<p>C\u00d3DIGO DE CONDUCTA(Los mandamientos del motociclista) No aceptes ni hagas pendejadas. Se amable con las mujeres, los ni\u00f1os y los animales, pero no aceptes ni hagas pendejadas. Esta es una parte esencial de ser un motociclista. Tiene que ver con el respeto y el honor. Cualquiera puede ser un pat\u00e1n insolente, altanero. Se agradable, mantente [&hellip;]<\/p>\n","protected":false},"author":1,"featured_media":0,"parent":0,"menu_order":0,"comment_status":"closed","ping_status":"closed","template":"","meta":{"footnotes":""},"class_list":["post-34","page","type-page","status-publish","hentry"],"_links":{"self":[{"href":"https:\/\/fraternidaddemotociclistas.com\/index.php\/wp-json\/wp\/v2\/pages\/34","targetHints":{"allow":["GET"]}}],"collection":[{"href":"https:\/\/fraternidaddemotociclistas.com\/index.php\/wp-json\/wp\/v2\/pages"}],"about":[{"href":"https:\/\/fraternidaddemotociclistas.com\/index.php\/wp-json\/wp\/v2\/types\/page"}],"author":[{"embeddable":true,"href":"https:\/\/fraternidaddemotociclistas.com\/index.php\/wp-json\/wp\/v2\/users\/1"}],"replies":[{"embeddable":true,"href":"https:\/\/fraternidaddemotociclistas.com\/index.php\/wp-json\/wp\/v2\/comments?post=34"}],"version-history":[{"count":0,"href":"https:\/\/fraternidaddemotociclistas.com\/index.php\/wp-json\/wp\/v2\/pages\/34\/revisions"}],"wp:attachment":[{"href":"https:\/\/fraternidaddemotociclistas.com\/index.php\/wp-json\/wp\/v2\/media?parent=34"}],"curies":[{"name":"wp","href":"https:\/\/api.w.org\/{rel}","templated":true}]}}