{"id":35,"date":"2021-04-06T16:14:55","date_gmt":"2021-04-06T22:14:55","guid":{"rendered":"https:\/\/fraternidaddemotociclistas.com\/?page_id=35"},"modified":"2025-04-23T17:57:30","modified_gmt":"2025-04-23T17:57:30","slug":"paises","status":"publish","type":"page","link":"https:\/\/fraternidaddemotociclistas.com\/index.php\/paises\/","title":{"rendered":"Pa\u00edses"},"content":{"rendered":"\n<p>Tenemos presencia en varios pa\u00edses de Am\u00e9rica desde el primer a\u00f1o de la fundaci\u00f3n all\u00e1 en el 2009 y cada vez tenemos m\u00e1s! <\/p>\n\n\n\n<p><strong>Argentina &#8211; Brasil &#8211; Ecuador &#8211; El Salvador<\/strong>&nbsp; &#8211; <strong>Honduras &#8211;&nbsp; M\u00e9xico &#8211; U.S.A.<\/strong><\/p>\n\n\n\n<p>, puedes encontrar a nuestros hermanos de cada pa\u00eds a trav\u00e9s de las redes sociales que te mostramos a continuaci\u00f3n<\/p>\n\n\n\n<p class=\"has-text-align-center\"><strong>Argentina<\/strong><\/p>\n\n\n<div class=\"wp-block-image\">\n<figure class=\"aligncenter size-full\"><img loading=\"lazy\" decoding=\"async\" width=\"617\" height=\"609\" src=\"https:\/\/fraternidaddemotociclistas.com\/wp-content\/uploads\/2025\/04\/argentinos.jpg\" alt=\"\" class=\"wp-image-195\" srcset=\"https:\/\/fraternidaddemotociclistas.com\/wp-content\/uploads\/2025\/04\/argentinos.jpg 617w, https:\/\/fraternidaddemotociclistas.com\/wp-content\/uploads\/2025\/04\/argentinos-300x296.jpg 300w\" sizes=\"auto, (max-width: 617px) 100vw, 617px\" \/><\/figure>\n<\/div>\n\n\n<p><a href=\"https:\/\/www.facebook.com\/FraternidadDeMotociclistasArgentina\/\">https:\/\/www.facebook.com\/FraternidadDeMotociclistasArgentina\/<\/a><\/p>\n\n\n<div class=\"wp-block-image\">\n<figure class=\"aligncenter size-large\"><a href=\"https:\/\/www.facebook.com\/FraternidadDeMotociclistasArgentina\/\"><img loading=\"lazy\" decoding=\"async\" width=\"1024\" height=\"514\" src=\"https:\/\/fraternidaddemotociclistas.com\/wp-content\/uploads\/2025\/04\/Fraternidad-Argentina-1024x514.png\" alt=\"\" class=\"wp-image-193\" srcset=\"https:\/\/fraternidaddemotociclistas.com\/wp-content\/uploads\/2025\/04\/Fraternidad-Argentina-1024x514.png 1024w, https:\/\/fraternidaddemotociclistas.com\/wp-content\/uploads\/2025\/04\/Fraternidad-Argentina-300x151.png 300w, https:\/\/fraternidaddemotociclistas.com\/wp-content\/uploads\/2025\/04\/Fraternidad-Argentina-768x385.png 768w, https:\/\/fraternidaddemotociclistas.com\/wp-content\/uploads\/2025\/04\/Fraternidad-Argentina-1536x771.png 1536w, https:\/\/fraternidaddemotociclistas.com\/wp-content\/uploads\/2025\/04\/Fraternidad-Argentina.png 1903w\" sizes=\"auto, (max-width: 1024px) 100vw, 1024px\" \/><\/a><\/figure>\n<\/div>\n\n\n<p><\/p>\n\n\n\n<p class=\"has-text-align-center\"><strong>Brasil<\/strong><\/p>\n\n\n\n<figure class=\"wp-block-gallery has-nested-images columns-default is-cropped wp-block-gallery-1 is-layout-flex wp-block-gallery-is-layout-flex\">\n<figure class=\"wp-block-image size-large\"><img loading=\"lazy\" decoding=\"async\" width=\"960\" height=\"720\" data-id=\"196\" src=\"https:\/\/fraternidaddemotociclistas.com\/wp-content\/uploads\/2025\/04\/brasileiros01.jpg\" alt=\"\" class=\"wp-image-196\" srcset=\"https:\/\/fraternidaddemotociclistas.com\/wp-content\/uploads\/2025\/04\/brasileiros01.jpg 960w, https:\/\/fraternidaddemotociclistas.com\/wp-content\/uploads\/2025\/04\/brasileiros01-300x225.jpg 300w, https:\/\/fraternidaddemotociclistas.com\/wp-content\/uploads\/2025\/04\/brasileiros01-768x576.jpg 768w\" sizes=\"auto, (max-width: 960px) 100vw, 960px\" \/><\/figure>\n\n\n\n<figure class=\"wp-block-image size-large\"><img loading=\"lazy\" decoding=\"async\" width=\"1024\" height=\"768\" data-id=\"197\" src=\"https:\/\/fraternidaddemotociclistas.com\/wp-content\/uploads\/2025\/04\/brasileiros-1024x768.jpg\" alt=\"\" class=\"wp-image-197\" srcset=\"https:\/\/fraternidaddemotociclistas.com\/wp-content\/uploads\/2025\/04\/brasileiros-1024x768.jpg 1024w, https:\/\/fraternidaddemotociclistas.com\/wp-content\/uploads\/2025\/04\/brasileiros-300x225.jpg 300w, https:\/\/fraternidaddemotociclistas.com\/wp-content\/uploads\/2025\/04\/brasileiros-768x576.jpg 768w, https:\/\/fraternidaddemotociclistas.com\/wp-content\/uploads\/2025\/04\/brasileiros-1536x1152.jpg 1536w, https:\/\/fraternidaddemotociclistas.com\/wp-content\/uploads\/2025\/04\/brasileiros.jpg 1600w\" sizes=\"auto, (max-width: 1024px) 100vw, 1024px\" \/><\/figure>\n<\/figure>\n\n\n\n<p><a href=\"https:\/\/www.facebook.com\/FraternidadDeMotociclistasBrasil\">https:\/\/www.facebook.com\/FraternidadDeMotociclistasBrasil<\/a><\/p>\n\n\n<div class=\"wp-block-image\">\n<figure class=\"aligncenter size-large\"><a href=\"https:\/\/www.facebook.com\/FraternidadDeMotociclistasBrasil\"><img loading=\"lazy\" decoding=\"async\" width=\"1024\" height=\"514\" src=\"https:\/\/fraternidaddemotociclistas.com\/wp-content\/uploads\/2025\/04\/Fraternidad-Brasil-1024x514.png\" alt=\"\" class=\"wp-image-198\" srcset=\"https:\/\/fraternidaddemotociclistas.com\/wp-content\/uploads\/2025\/04\/Fraternidad-Brasil-1024x514.png 1024w, https:\/\/fraternidaddemotociclistas.com\/wp-content\/uploads\/2025\/04\/Fraternidad-Brasil-300x151.png 300w, https:\/\/fraternidaddemotociclistas.com\/wp-content\/uploads\/2025\/04\/Fraternidad-Brasil-768x385.png 768w, https:\/\/fraternidaddemotociclistas.com\/wp-content\/uploads\/2025\/04\/Fraternidad-Brasil-1536x771.png 1536w, https:\/\/fraternidaddemotociclistas.com\/wp-content\/uploads\/2025\/04\/Fraternidad-Brasil.png 1903w\" sizes=\"auto, (max-width: 1024px) 100vw, 1024px\" \/><\/a><\/figure>\n<\/div>\n\n\n<p><\/p>\n\n\n\n<p class=\"has-text-align-center\"><strong>Ecuador<\/strong><\/p>\n\n\n\n<p><a href=\"https:\/\/www.facebook.com\/fraternidad.motociclistas.39\">https:\/\/www.facebook.com\/fraternidad.motociclistas.39<\/a>  <a href=\"https:\/\/www.facebook.com\/FraternidaddeMotociclistas\">https:\/\/www.facebook.com\/FraternidaddeMotociclistas<\/a><\/p>\n\n\n\n<figure class=\"wp-block-gallery has-nested-images columns-default is-cropped wp-block-gallery-2 is-layout-flex wp-block-gallery-is-layout-flex\">\n<figure class=\"wp-block-image size-large\"><a href=\"https:\/\/www.facebook.com\/FraternidaddeMotociclistas\"><img loading=\"lazy\" decoding=\"async\" width=\"1024\" height=\"514\" data-id=\"199\" src=\"https:\/\/fraternidaddemotociclistas.com\/wp-content\/uploads\/2025\/04\/fraternidad-Ecuador-1024x514.png\" alt=\"\" class=\"wp-image-199\" srcset=\"https:\/\/fraternidaddemotociclistas.com\/wp-content\/uploads\/2025\/04\/fraternidad-Ecuador-1024x514.png 1024w, https:\/\/fraternidaddemotociclistas.com\/wp-content\/uploads\/2025\/04\/fraternidad-Ecuador-300x151.png 300w, https:\/\/fraternidaddemotociclistas.com\/wp-content\/uploads\/2025\/04\/fraternidad-Ecuador-768x385.png 768w, https:\/\/fraternidaddemotociclistas.com\/wp-content\/uploads\/2025\/04\/fraternidad-Ecuador-1536x771.png 1536w, https:\/\/fraternidaddemotociclistas.com\/wp-content\/uploads\/2025\/04\/fraternidad-Ecuador.png 1903w\" sizes=\"auto, (max-width: 1024px) 100vw, 1024px\" \/><\/a><\/figure>\n\n\n\n<figure class=\"wp-block-image size-large\"><a href=\"https:\/\/www.facebook.com\/fraternidad.motociclistas.39\"><img loading=\"lazy\" decoding=\"async\" width=\"1024\" height=\"514\" data-id=\"200\" src=\"https:\/\/fraternidaddemotociclistas.com\/wp-content\/uploads\/2025\/04\/Fraternidad-Fercho-1024x514.png\" alt=\"\" class=\"wp-image-200\" srcset=\"https:\/\/fraternidaddemotociclistas.com\/wp-content\/uploads\/2025\/04\/Fraternidad-Fercho-1024x514.png 1024w, https:\/\/fraternidaddemotociclistas.com\/wp-content\/uploads\/2025\/04\/Fraternidad-Fercho-300x151.png 300w, https:\/\/fraternidaddemotociclistas.com\/wp-content\/uploads\/2025\/04\/Fraternidad-Fercho-768x385.png 768w, https:\/\/fraternidaddemotociclistas.com\/wp-content\/uploads\/2025\/04\/Fraternidad-Fercho-1536x771.png 1536w, https:\/\/fraternidaddemotociclistas.com\/wp-content\/uploads\/2025\/04\/Fraternidad-Fercho.png 1903w\" sizes=\"auto, (max-width: 1024px) 100vw, 1024px\" \/><\/a><\/figure>\n<\/figure>\n\n\n\n<p><\/p>\n\n\n\n<p class=\"has-text-align-center\"><strong>Honduras<\/strong><\/p>\n\n\n<div class=\"wp-block-image\">\n<figure class=\"aligncenter size-full\"><img loading=\"lazy\" decoding=\"async\" width=\"960\" height=\"576\" src=\"https:\/\/fraternidaddemotociclistas.com\/wp-content\/uploads\/2025\/04\/hondurenios.jpg\" alt=\"\" class=\"wp-image-201\" srcset=\"https:\/\/fraternidaddemotociclistas.com\/wp-content\/uploads\/2025\/04\/hondurenios.jpg 960w, https:\/\/fraternidaddemotociclistas.com\/wp-content\/uploads\/2025\/04\/hondurenios-300x180.jpg 300w, https:\/\/fraternidaddemotociclistas.com\/wp-content\/uploads\/2025\/04\/hondurenios-768x461.jpg 768w\" sizes=\"auto, (max-width: 960px) 100vw, 960px\" \/><\/figure>\n<\/div>\n\n\n<p><a href=\"https:\/\/www.facebook.com\/Fraternidad-De-Motociclistas-Honduras-279266482413352\">https:\/\/www.facebook.com\/Fraternidad-De-Motociclistas-Honduras-279266482413352<\/a><\/p>\n\n\n<div class=\"wp-block-image\">\n<figure class=\"aligncenter size-large\"><a href=\"https:\/\/www.facebook.com\/Fraternidad-De-Motociclistas-Honduras-279266482413352\"><img loading=\"lazy\" decoding=\"async\" width=\"1024\" height=\"514\" src=\"https:\/\/fraternidaddemotociclistas.com\/wp-content\/uploads\/2025\/04\/Fraternidad-Honduras-1024x514.png\" alt=\"\" class=\"wp-image-202\" srcset=\"https:\/\/fraternidaddemotociclistas.com\/wp-content\/uploads\/2025\/04\/Fraternidad-Honduras-1024x514.png 1024w, https:\/\/fraternidaddemotociclistas.com\/wp-content\/uploads\/2025\/04\/Fraternidad-Honduras-300x151.png 300w, https:\/\/fraternidaddemotociclistas.com\/wp-content\/uploads\/2025\/04\/Fraternidad-Honduras-768x385.png 768w, https:\/\/fraternidaddemotociclistas.com\/wp-content\/uploads\/2025\/04\/Fraternidad-Honduras-1536x771.png 1536w, https:\/\/fraternidaddemotociclistas.com\/wp-content\/uploads\/2025\/04\/Fraternidad-Honduras.png 1903w\" sizes=\"auto, (max-width: 1024px) 100vw, 1024px\" \/><\/a><\/figure>\n<\/div>\n\n\n<p><\/p>\n\n\n\n<p class=\"has-text-align-center\"><strong>M\u00e9xico<\/strong><\/p>\n\n\n<div class=\"wp-block-image\">\n<figure class=\"aligncenter size-full\"><img loading=\"lazy\" decoding=\"async\" width=\"960\" height=\"540\" src=\"https:\/\/fraternidaddemotociclistas.com\/wp-content\/uploads\/2025\/04\/mexas.jpg\" alt=\"\" class=\"wp-image-203\" srcset=\"https:\/\/fraternidaddemotociclistas.com\/wp-content\/uploads\/2025\/04\/mexas.jpg 960w, https:\/\/fraternidaddemotociclistas.com\/wp-content\/uploads\/2025\/04\/mexas-300x169.jpg 300w, https:\/\/fraternidaddemotociclistas.com\/wp-content\/uploads\/2025\/04\/mexas-768x432.jpg 768w\" sizes=\"auto, (max-width: 960px) 100vw, 960px\" \/><\/figure>\n<\/div>\n\n\n<p><a href=\"https:\/\/www.facebook.com\/fraternidadmotociclistas\">https:\/\/www.facebook.com\/fraternidadmotociclistas<\/a><\/p>\n\n\n<div class=\"wp-block-image\">\n<figure class=\"aligncenter size-large\"><a href=\"https:\/\/www.facebook.com\/fraternidadmotociclistas\"><img loading=\"lazy\" decoding=\"async\" width=\"1024\" height=\"514\" src=\"https:\/\/fraternidaddemotociclistas.com\/wp-content\/uploads\/2025\/04\/Fraternidad-Mexico-1024x514.png\" alt=\"\" class=\"wp-image-204\" srcset=\"https:\/\/fraternidaddemotociclistas.com\/wp-content\/uploads\/2025\/04\/Fraternidad-Mexico-1024x514.png 1024w, https:\/\/fraternidaddemotociclistas.com\/wp-content\/uploads\/2025\/04\/Fraternidad-Mexico-300x151.png 300w, https:\/\/fraternidaddemotociclistas.com\/wp-content\/uploads\/2025\/04\/Fraternidad-Mexico-768x385.png 768w, https:\/\/fraternidaddemotociclistas.com\/wp-content\/uploads\/2025\/04\/Fraternidad-Mexico-1536x771.png 1536w, https:\/\/fraternidaddemotociclistas.com\/wp-content\/uploads\/2025\/04\/Fraternidad-Mexico.png 1903w\" sizes=\"auto, (max-width: 1024px) 100vw, 1024px\" \/><\/a><\/figure>\n<\/div>\n\n\n<p class=\"has-text-align-center\"><strong>U.S.A.<\/strong><\/p>\n\n\n\n<figure class=\"wp-block-gallery has-nested-images columns-default is-cropped wp-block-gallery-3 is-layout-flex wp-block-gallery-is-layout-flex\">\n<figure class=\"wp-block-image size-large\"><img loading=\"lazy\" decoding=\"async\" width=\"826\" height=\"1024\" data-id=\"206\" src=\"https:\/\/fraternidaddemotociclistas.com\/wp-content\/uploads\/2025\/04\/bill-826x1024.jpg\" alt=\"\" class=\"wp-image-206\" srcset=\"https:\/\/fraternidaddemotociclistas.com\/wp-content\/uploads\/2025\/04\/bill-826x1024.jpg 826w, https:\/\/fraternidaddemotociclistas.com\/wp-content\/uploads\/2025\/04\/bill-242x300.jpg 242w, https:\/\/fraternidaddemotociclistas.com\/wp-content\/uploads\/2025\/04\/bill-768x952.jpg 768w, https:\/\/fraternidaddemotociclistas.com\/wp-content\/uploads\/2025\/04\/bill.jpg 956w\" sizes=\"auto, (max-width: 826px) 100vw, 826px\" \/><\/figure>\n\n\n\n<figure class=\"wp-block-image size-large\"><img loading=\"lazy\" decoding=\"async\" width=\"526\" height=\"526\" data-id=\"205\" src=\"https:\/\/fraternidaddemotociclistas.com\/wp-content\/uploads\/2025\/04\/javier.jpg\" alt=\"\" class=\"wp-image-205\" srcset=\"https:\/\/fraternidaddemotociclistas.com\/wp-content\/uploads\/2025\/04\/javier.jpg 526w, https:\/\/fraternidaddemotociclistas.com\/wp-content\/uploads\/2025\/04\/javier-300x300.jpg 300w, https:\/\/fraternidaddemotociclistas.com\/wp-content\/uploads\/2025\/04\/javier-150x150.jpg 150w\" sizes=\"auto, (max-width: 526px) 100vw, 526px\" \/><\/figure>\n<\/figure>\n\n\n\n<p><a href=\"https:\/\/www.facebook.com\/william.kaliher.3\">https:\/\/www.facebook.com\/william.kaliher.3<\/a>  <a href=\"https:\/\/www.facebook.com\/profile.php?id=100010239763975\">https:\/\/www.facebook.com\/profile.php?id=100010239763975<\/a><\/p>\n\n\n\n<figure class=\"wp-block-gallery has-nested-images columns-default is-cropped wp-block-gallery-4 is-layout-flex wp-block-gallery-is-layout-flex\">\n<figure class=\"wp-block-image size-large\"><img loading=\"lazy\" decoding=\"async\" width=\"1024\" height=\"514\" data-id=\"208\" src=\"https:\/\/fraternidaddemotociclistas.com\/wp-content\/uploads\/2025\/04\/bill-fb-1024x514.png\" alt=\"\" class=\"wp-image-208\" srcset=\"https:\/\/fraternidaddemotociclistas.com\/wp-content\/uploads\/2025\/04\/bill-fb-1024x514.png 1024w, https:\/\/fraternidaddemotociclistas.com\/wp-content\/uploads\/2025\/04\/bill-fb-300x151.png 300w, https:\/\/fraternidaddemotociclistas.com\/wp-content\/uploads\/2025\/04\/bill-fb-768x385.png 768w, https:\/\/fraternidaddemotociclistas.com\/wp-content\/uploads\/2025\/04\/bill-fb-1536x771.png 1536w, https:\/\/fraternidaddemotociclistas.com\/wp-content\/uploads\/2025\/04\/bill-fb.png 1903w\" sizes=\"auto, (max-width: 1024px) 100vw, 1024px\" \/><\/figure>\n\n\n\n<figure class=\"wp-block-image size-large\"><img loading=\"lazy\" decoding=\"async\" width=\"1024\" height=\"514\" data-id=\"207\" src=\"https:\/\/fraternidaddemotociclistas.com\/wp-content\/uploads\/2025\/04\/Javi-1024x514.png\" alt=\"\" class=\"wp-image-207\" srcset=\"https:\/\/fraternidaddemotociclistas.com\/wp-content\/uploads\/2025\/04\/Javi-1024x514.png 1024w, https:\/\/fraternidaddemotociclistas.com\/wp-content\/uploads\/2025\/04\/Javi-300x151.png 300w, https:\/\/fraternidaddemotociclistas.com\/wp-content\/uploads\/2025\/04\/Javi-768x385.png 768w, https:\/\/fraternidaddemotociclistas.com\/wp-content\/uploads\/2025\/04\/Javi-1536x771.png 1536w, https:\/\/fraternidaddemotociclistas.com\/wp-content\/uploads\/2025\/04\/Javi.png 1903w\" sizes=\"auto, (max-width: 1024px) 100vw, 1024px\" \/><\/figure>\n<\/figure>\n","protected":false},"excerpt":{"rendered":"<p>Tenemos presencia en varios pa\u00edses de Am\u00e9rica desde el primer a\u00f1o de la fundaci\u00f3n all\u00e1 en el 2009 y cada vez tenemos m\u00e1s! Argentina &#8211; Brasil &#8211; Ecuador &#8211; El Salvador&nbsp; &#8211; Honduras &#8211;&nbsp; M\u00e9xico &#8211; U.S.A. , puedes encontrar a nuestros hermanos de cada pa\u00eds a trav\u00e9s de las redes sociales que te mostramos [&hellip;]<\/p>\n","protected":false},"author":1,"featured_media":0,"parent":0,"menu_order":0,"comment_status":"closed","ping_status":"closed","template":"","meta":{"footnotes":""},"class_list":["post-35","page","type-page","status-publish","hentry"],"_links":{"self":[{"href":"https:\/\/fraternidaddemotociclistas.com\/index.php\/wp-json\/wp\/v2\/pages\/35","targetHints":{"allow":["GET"]}}],"collection":[{"href":"https:\/\/fraternidaddemotociclistas.com\/index.php\/wp-json\/wp\/v2\/pages"}],"about":[{"href":"https:\/\/fraternidaddemotociclistas.com\/index.php\/wp-json\/wp\/v2\/types\/page"}],"author":[{"embeddable":true,"href":"https:\/\/fraternidaddemotociclistas.com\/index.php\/wp-json\/wp\/v2\/users\/1"}],"replies":[{"embeddable":true,"href":"https:\/\/fraternidaddemotociclistas.com\/index.php\/wp-json\/wp\/v2\/comments?post=35"}],"version-history":[{"count":2,"href":"https:\/\/fraternidaddemotociclistas.com\/index.php\/wp-json\/wp\/v2\/pages\/35\/revisions"}],"predecessor-version":[{"id":209,"href":"https:\/\/fraternidaddemotociclistas.com\/index.php\/wp-json\/wp\/v2\/pages\/35\/revisions\/209"}],"wp:attachment":[{"href":"https:\/\/fraternidaddemotociclistas.com\/index.php\/wp-json\/wp\/v2\/media?parent=35"}],"curies":[{"name":"wp","href":"https:\/\/api.w.org\/{rel}","templated":true}]}}