{"id":52,"date":"2021-04-06T22:18:39","date_gmt":"2021-04-06T22:18:39","guid":{"rendered":"https:\/\/fraternidaddemotociclistas.com\/?page_id=52"},"modified":"2025-04-08T17:39:22","modified_gmt":"2025-04-08T17:39:22","slug":"nuestros-colores","status":"publish","type":"page","link":"https:\/\/fraternidaddemotociclistas.com\/index.php\/nuestros-colores\/","title":{"rendered":"Nuestros Colores"},"content":{"rendered":"\n<p><strong>Significado de los Colores<\/strong><\/p>\n\n\n\n<p><br>Los Ases son los m\u00e1s importantes de la baraja, eres un As porque eres el mejor en lo que haces, el juego se puede jugar s\u00f3lo o acompa\u00f1ado (igual que el poker y el solitario).<\/p>\n\n\n\n<p>Los colores de hombre llevan el fondo del AS de espadas y el de dama es el AS de corazones.<\/p>\n\n\n\n<figure class=\"wp-block-gallery has-nested-images columns-default is-cropped wp-block-gallery-1 is-layout-flex wp-block-gallery-is-layout-flex\">\n<figure class=\"wp-block-image size-large\"><img loading=\"lazy\" decoding=\"async\" width=\"885\" height=\"1024\" data-id=\"160\" src=\"https:\/\/fraternidaddemotociclistas.com\/wp-content\/uploads\/2025\/03\/Colores-Oficiales-2025-885x1024.png\" alt=\"\" class=\"wp-image-160\" srcset=\"https:\/\/fraternidaddemotociclistas.com\/wp-content\/uploads\/2025\/03\/Colores-Oficiales-2025-885x1024.png 885w, https:\/\/fraternidaddemotociclistas.com\/wp-content\/uploads\/2025\/03\/Colores-Oficiales-2025-259x300.png 259w, https:\/\/fraternidaddemotociclistas.com\/wp-content\/uploads\/2025\/03\/Colores-Oficiales-2025-768x888.png 768w, https:\/\/fraternidaddemotociclistas.com\/wp-content\/uploads\/2025\/03\/Colores-Oficiales-2025.png 1078w\" sizes=\"auto, (max-width: 885px) 100vw, 885px\" \/><\/figure>\n\n\n\n<figure class=\"wp-block-image size-large\"><img loading=\"lazy\" decoding=\"async\" width=\"885\" height=\"1024\" data-id=\"161\" src=\"https:\/\/fraternidaddemotociclistas.com\/wp-content\/uploads\/2025\/03\/Colores-Oficiales-2025-ellas-885x1024.png\" alt=\"\" class=\"wp-image-161\" srcset=\"https:\/\/fraternidaddemotociclistas.com\/wp-content\/uploads\/2025\/03\/Colores-Oficiales-2025-ellas-885x1024.png 885w, https:\/\/fraternidaddemotociclistas.com\/wp-content\/uploads\/2025\/03\/Colores-Oficiales-2025-ellas-259x300.png 259w, https:\/\/fraternidaddemotociclistas.com\/wp-content\/uploads\/2025\/03\/Colores-Oficiales-2025-ellas-768x888.png 768w, https:\/\/fraternidaddemotociclistas.com\/wp-content\/uploads\/2025\/03\/Colores-Oficiales-2025-ellas.png 1078w\" sizes=\"auto, (max-width: 885px) 100vw, 885px\" \/><\/figure>\n<\/figure>\n\n\n\n<p>Las alas que simbolizan la libertad.<\/p>\n\n\n\n<p>El circulo detr\u00e1s del cr\u00e1neo es un \u201cAtrapa sue\u00f1os\u201d, y significa exactamente eso\u2026. los cr\u00e1neos alados simbolizan la confrontaci\u00f3n permanente con la muerte y a la vez la libertad que otorga, el cr\u00e1neo del centro lleva el mismo significado, agregando ademas el hecho que todos somos iguales por dentro (los colmillos son un peque\u00f1o tributo a los buenos tiempos, pero este si tiene los 2 colmillos, un depredador completo!) .<\/p>\n\n\n\n<p>El peque\u00f1o letrero de carretera es el tributo a eso mismo, con la leyenda de \u201cSupport 66\u201d anexada por iniciativa de los hermanos brasile\u00f1os, la F ocupa la posici\u00f3n 6 en el abecedario, 66=FF (Fraternidad Forever)<\/p>\n\n\n\n<p class=\"has-text-align-center\"><br><strong>AFILIADOS<\/strong><\/p>\n\n\n\n<div class=\"wp-block-media-text is-stacked-on-mobile\"><figure class=\"wp-block-media-text__media\"><img loading=\"lazy\" decoding=\"async\" width=\"345\" height=\"104\" src=\"https:\/\/fraternidaddemotociclistas.com\/wp-content\/uploads\/2025\/04\/Amigo-Fraterno.png\" alt=\"\" class=\"wp-image-175 size-full\" srcset=\"https:\/\/fraternidaddemotociclistas.com\/wp-content\/uploads\/2025\/04\/Amigo-Fraterno.png 345w, https:\/\/fraternidaddemotociclistas.com\/wp-content\/uploads\/2025\/04\/Amigo-Fraterno-300x90.png 300w\" sizes=\"auto, (max-width: 345px) 100vw, 345px\" \/><\/figure><div class=\"wp-block-media-text__content\">\n<p>Los amigos y afiliados portan el rectangulo rojo con la leyenda: \u201cPorque un amigo siempre ser\u00e1 un hermano\u201d<\/p>\n<\/div><\/div>\n\n\n\n<p><\/p>\n\n\n\n<div class=\"wp-block-media-text is-stacked-on-mobile\"><figure class=\"wp-block-media-text__media\"><img loading=\"lazy\" decoding=\"async\" width=\"369\" height=\"159\" src=\"https:\/\/fraternidaddemotociclistas.com\/wp-content\/uploads\/2025\/04\/Craneos.png\" alt=\"\" class=\"wp-image-174 size-full\" srcset=\"https:\/\/fraternidaddemotociclistas.com\/wp-content\/uploads\/2025\/04\/Craneos.png 369w, https:\/\/fraternidaddemotociclistas.com\/wp-content\/uploads\/2025\/04\/Craneos-300x129.png 300w\" sizes=\"auto, (max-width: 369px) 100vw, 369px\" \/><\/figure><div class=\"wp-block-media-text__content\">\n<p>Existen tambi\u00e9n los colores con la figura de los cr\u00e1neos alados confrontados, e identifican a nuestros \u201chermanos\u201d de otros MC\u2019s que est\u00e1n afiliados a la Fraternidad.<\/p>\n<\/div><\/div>\n\n\n\n<p class=\"has-text-align-center\"><strong>ALAS ROTAS<\/strong><\/p>\n\n\n\n<div class=\"wp-block-media-text is-stacked-on-mobile\" style=\"grid-template-columns:48% auto\"><figure class=\"wp-block-media-text__media\"><img loading=\"lazy\" decoding=\"async\" width=\"200\" height=\"221\" src=\"https:\/\/fraternidaddemotociclistas.com\/wp-content\/uploads\/2025\/04\/Alas-Rotas.png\" alt=\"\" class=\"wp-image-176 size-full\"\/><\/figure><div class=\"wp-block-media-text__content\">\n<p>A los hermanos que han tenido la desfortuna de sufrir un accidente les hacemos entrega del parche que menos nos gusta que se ganen\u2026 el de ALAS ROTAS, con la leyenda \u201cS\u00f3lo puede caer quien tiene la fortaleza para subir\u201d<\/p>\n<\/div><\/div>\n","protected":false},"excerpt":{"rendered":"<p>Significado de los Colores Los Ases son los m\u00e1s importantes de la baraja, eres un As porque eres el mejor en lo que haces, el juego se puede jugar s\u00f3lo o acompa\u00f1ado (igual que el poker y el solitario). Los colores de hombre llevan el fondo del AS de espadas y el de dama es [&hellip;]<\/p>\n","protected":false},"author":1,"featured_media":0,"parent":0,"menu_order":0,"comment_status":"closed","ping_status":"closed","template":"","meta":{"footnotes":""},"class_list":["post-52","page","type-page","status-publish","hentry"],"_links":{"self":[{"href":"https:\/\/fraternidaddemotociclistas.com\/index.php\/wp-json\/wp\/v2\/pages\/52","targetHints":{"allow":["GET"]}}],"collection":[{"href":"https:\/\/fraternidaddemotociclistas.com\/index.php\/wp-json\/wp\/v2\/pages"}],"about":[{"href":"https:\/\/fraternidaddemotociclistas.com\/index.php\/wp-json\/wp\/v2\/types\/page"}],"author":[{"embeddable":true,"href":"https:\/\/fraternidaddemotociclistas.com\/index.php\/wp-json\/wp\/v2\/users\/1"}],"replies":[{"embeddable":true,"href":"https:\/\/fraternidaddemotociclistas.com\/index.php\/wp-json\/wp\/v2\/comments?post=52"}],"version-history":[{"count":2,"href":"https:\/\/fraternidaddemotociclistas.com\/index.php\/wp-json\/wp\/v2\/pages\/52\/revisions"}],"predecessor-version":[{"id":177,"href":"https:\/\/fraternidaddemotociclistas.com\/index.php\/wp-json\/wp\/v2\/pages\/52\/revisions\/177"}],"wp:attachment":[{"href":"https:\/\/fraternidaddemotociclistas.com\/index.php\/wp-json\/wp\/v2\/media?parent=52"}],"curies":[{"name":"wp","href":"https:\/\/api.w.org\/{rel}","templated":true}]}}